{"id":30,"date":"2013-08-03T21:18:58","date_gmt":"2013-08-03T19:18:58","guid":{"rendered":"http:\/\/www.art-of-bjj.com\/?page_id=30"},"modified":"2014-03-03T22:05:34","modified_gmt":"2014-03-03T21:05:34","slug":"mentions-legales","status":"publish","type":"page","link":"https:\/\/www.art-of-bjj.com\/en\/mentions-legales\/","title":{"rendered":"Legales notices"},"content":{"rendered":"<p><strong>\u00c9diteur et Responsable de la publication<\/strong><\/p>\n<p>Marie-Laure Kocher (Contact)<br \/>\nLes propos tenus sur ce site ne repr\u00e9sentent que et uniquement l\u2019opinion de leur auteur, et n\u2019engagent pas les soci\u00e9t\u00e9s, entreprises ou collectifs auxquels il contribue ou dont il peut \u00eatre associ\u00e9 ou employ\u00e9.<\/p>\n<p>H\u00e9bergement<br \/>\nCe blog est h\u00e9berg\u00e9 par OVH, 140 Quai du Sartel, 59100 Roubaix, France.<br \/>\nCet h\u00e9bergeur poss\u00e8de \u00e0 ce jour les \u00e9l\u00e9ments d\u2019identification personnelle me concernant.<\/p>\n<p><strong>Donn\u00e9es personnelles<\/strong><\/p>\n<p>Les donn\u00e9es personnelles collect\u00e9es par Art of BJJ sont uniquement destin\u00e9es \u00e0 un usage interne. En aucun cas ces donn\u00e9es ne seront c\u00e9d\u00e9es ou vendues \u00e0 des tiers. Seuls les commentaires enregistr\u00e9s sur ce blog donnent lieu \u00e0 un enregistrement des informations de connexion (adresse IP, pseudonyme et \u00e9ventuellement adresse e-mail et site web).<br \/>\nConform\u00e9ment \u00e0 l\u2019article 39 de la loi du 6 janvier 1978 relative \u00e0 l\u2019informatique, aux fichiers et aux libert\u00e9s, vous avez un droit d\u2019acc\u00e8s, de modification et d\u2019opposition sur vos donn\u00e9es personnelles enregistr\u00e9es par le blog.<br \/>\nDans ce cas, utilisez le <a title=\"Nous contacter\" href=\"http:\/\/localhost\/art-of-bjj\/nous-contacter\/\">formulaire de contact<\/a>.<\/p>\n<p><strong>Conditions de mod\u00e9ration des commentaires du blog<\/strong><\/p>\n<p>Les commentaires sont mod\u00e9r\u00e9 a posteriori. Le non respect de l\u2019une des r\u00e8gles suivantes entra\u00eene la suppression du commentaire ou du trackback\/pingback concern\u00e9 :<\/p>\n<ul>\n<li>Commentaires diffamatoires, racistes, pornographiques, p\u00e9dophiles, incitant \u00e0 d\u00e9lit, crimes ou suicides,<\/li>\n<li>Commentaires reproduisant une correspondance priv\u00e9e sans l\u2019accord des personnes concern\u00e9es,<\/li>\n<li>Commentaires agressifs ou vulgaires,<\/li>\n<li>Commentaires visant uniquement \u00e0 mettre en ligne un lien vers un site ext\u00e9rieur (spam de commentaires ou de trackback\/pingback).<\/li>\n<\/ul>\n<p>Les commentaires sont mod\u00e9r\u00e9s a priori. Ne postez pas plusieurs fois votre commentaire si vous ne le voyez pas appara\u00eetre. Merci.<\/p>\n<p><strong>Licences, droits de reproduction<\/strong><\/p>\n<p>Tous droits r\u00e9serv\u00e9s. La reproduction du contenu de ce blog, en tout ou en partie, est interdite sans la permission \u00e9crite de l\u2019auteur (sauf mention particuli\u00e8re). Tout autre mat\u00e9riel contenu sur ce site ne nous appartenant pas : photos, textes, images, logos, noms de produits ou marques cit\u00e9es\u2026 est la propri\u00e9t\u00e9 de leurs d\u00e9tenteurs respectifs.<\/p>\n<p>Art of BJJ utilise la plateforme de blog WordPress avec un design produit par <a title=\"Design Theme Pacific\" href=\"http:\/\/themepacific.com\/\">ThemePacific<\/a>.<\/p>\n","protected":false},"excerpt":{"rendered":"<p>\u00c9diteur et Responsable de la publication Marie-Laure Kocher (Contact) Les propos tenus sur ce site..<\/p>\n","protected":false},"author":1,"featured_media":0,"parent":0,"menu_order":0,"comment_status":"open","ping_status":"open","template":"","meta":[],"yoast_head":"<!-- This site is optimized with the Yoast SEO plugin v14.0.2 - https:\/\/yoast.com\/wordpress\/plugins\/seo\/ -->\n<meta name=\"description\" content=\"Art of BJJ&#039;s legales notices\" \/>\n<meta name=\"robots\" content=\"index, follow\" \/>\n<meta name=\"googlebot\" content=\"index, follow, max-snippet:-1, max-image-preview:large, max-video-preview:-1\" \/>\n<meta name=\"bingbot\" content=\"index, follow, max-snippet:-1, max-image-preview:large, max-video-preview:-1\" \/>\n<link rel=\"canonical\" href=\"https:\/\/www.art-of-bjj.com\/en\/mentions-legales\/\" \/>\n<script type=\"application\/ld+json\" class=\"yoast-schema-graph\">{\"@context\":\"https:\/\/schema.org\",\"@graph\":[{\"@type\":\"WebSite\",\"@id\":\"https:\/\/www.art-of-bjj.com\/en\/#website\",\"url\":\"https:\/\/www.art-of-bjj.com\/en\/\",\"name\":\"Art-of-BJJ a feminin look on BJJ\",\"description\":\"Un site utilisant R\\u00e9seau Art of BJJ\",\"potentialAction\":[{\"@type\":\"SearchAction\",\"target\":\"https:\/\/www.art-of-bjj.com\/en\/?s={search_term_string}\",\"query-input\":\"required name=search_term_string\"}],\"inLanguage\":\"fr-FR\"},{\"@type\":\"WebPage\",\"@id\":\"https:\/\/www.art-of-bjj.com\/en\/mentions-legales\/#webpage\",\"url\":\"https:\/\/www.art-of-bjj.com\/en\/mentions-legales\/\",\"name\":\"Legales notices\",\"isPartOf\":{\"@id\":\"https:\/\/www.art-of-bjj.com\/en\/#website\"},\"datePublished\":\"2013-08-03T19:18:58+00:00\",\"dateModified\":\"2014-03-03T21:05:34+00:00\",\"description\":\"Art of BJJ's legales notices\",\"inLanguage\":\"fr-FR\",\"potentialAction\":[{\"@type\":\"ReadAction\",\"target\":[\"https:\/\/www.art-of-bjj.com\/en\/mentions-legales\/\"]}]}]}<\/script>\n<!-- \/ Yoast SEO plugin. -->","_links":{"self":[{"href":"https:\/\/www.art-of-bjj.com\/en\/wp-json\/wp\/v2\/pages\/30"}],"collection":[{"href":"https:\/\/www.art-of-bjj.com\/en\/wp-json\/wp\/v2\/pages"}],"about":[{"href":"https:\/\/www.art-of-bjj.com\/en\/wp-json\/wp\/v2\/types\/page"}],"author":[{"embeddable":true,"href":"https:\/\/www.art-of-bjj.com\/en\/wp-json\/wp\/v2\/users\/1"}],"replies":[{"embeddable":true,"href":"https:\/\/www.art-of-bjj.com\/en\/wp-json\/wp\/v2\/comments?post=30"}],"version-history":[{"count":1,"href":"https:\/\/www.art-of-bjj.com\/en\/wp-json\/wp\/v2\/pages\/30\/revisions"}],"predecessor-version":[{"id":632,"href":"https:\/\/www.art-of-bjj.com\/en\/wp-json\/wp\/v2\/pages\/30\/revisions\/632"}],"wp:attachment":[{"href":"https:\/\/www.art-of-bjj.com\/en\/wp-json\/wp\/v2\/media?parent=30"}],"curies":[{"name":"wp","href":"https:\/\/api.w.org\/{rel}","templated":true}]}}